{"id":15259,"date":"2015-05-18T12:14:07","date_gmt":"2015-05-18T10:14:07","guid":{"rendered":"http:\/\/demo.qodeinteractive.com\/bridge117\/?page_id=15259"},"modified":"2026-04-08T05:31:33","modified_gmt":"2026-04-08T03:31:33","slug":"home","status":"publish","type":"page","link":"https:\/\/alca-service.it\/","title":{"rendered":"Home"},"content":{"rendered":"<div class=\"wpb-content-wrapper\"><p>[vc_row row_type=&#8221;row&#8221; use_row_as_full_screen_section=&#8221;no&#8221; type=&#8221;full_width&#8221; parallax_content_width=&#8221;in_grid&#8221; anchor=&#8221;&#8221; in_content_menu=&#8221;&#8221; content_menu_title=&#8221;&#8221; content_menu_icon=&#8221;&#8221; angled_section=&#8221;no&#8221; angled_section_position=&#8221;both&#8221; angled_section_direction=&#8221;from_left_to_right&#8221; text_align=&#8221;left&#8221; video=&#8221;&#8221; video_overlay=&#8221;&#8221; video_overlay_image=&#8221;&#8221; video_webm=&#8221;&#8221; video_mp4=&#8221;&#8221; video_ogv=&#8221;&#8221; video_image=&#8221;&#8221; background_image=&#8221;&#8221; background_image_as_pattern=&#8221;without_pattern&#8221; section_height=&#8221;&#8221; parallax_speed=&#8221;&#8221; background_color=&#8221;&#8221; border_color=&#8221;&#8221; side_padding=&#8221;&#8221; parallax_side_padding=&#8221;&#8221; padding_top=&#8221;&#8221; padding_bottom=&#8221;&#8221; color=&#8221;&#8221; hover_color=&#8221;&#8221; more_button_label=&#8221;&#8221; less_button_label=&#8221;&#8221; button_position=&#8221;&#8221; css_animation=&#8221;&#8221; transition_delay=&#8221;&#8221;][vc_column width=&#8221;1\/1&#8243;]<div class='projects_holder_outer v3 portfolio_no_space portfolio_with_hover_text'><div class='projects_holder portfolio_main_holder clearfix v3 hover_text no_space portfolio_square_image '>\n<article class='mix portfolio_category_36 portfolio_category_55 ' style=''><div class=\"item_holder slow_zoom\"><div class=\"text_holder\"><div class=\"text_holder_outer\"><div class=\"text_holder_inner\"><h5 itemprop=\"name\" class=\"portfolio_title entry_title\"><a itemprop=\"url\" href=\"https:\/\/alca-service.it\/?portfolio_page=stockholm-fashion-destination\" >Stockholm Fashion<\/a><\/h5><span class=\"project_category\" >Art \/ Photography<\/span><\/div><\/div><\/div><div class=\"icons_holder\"><\/div><a itemprop=\"url\" class=\"portfolio_link_class\" title=\"Stockholm Fashion\" href=\"https:\/\/alca-service.it\/?portfolio_page=stockholm-fashion-destination\"><\/a><div  class=\"portfolio_shader\"><\/div><div class=\"image_holder\"><span class=\"image\"><\/span><\/div><\/div><\/article>\n<article class='mix portfolio_category_37 ' style=''><div class=\"item_holder slow_zoom\"><div class=\"text_holder\"><div class=\"text_holder_outer\"><div class=\"text_holder_inner\"><h5 itemprop=\"name\" class=\"portfolio_title entry_title\"><a itemprop=\"url\" href=\"https:\/\/alca-service.it\/?portfolio_page=single-portfolio-parallax\" >Single Portfolio Parallax<\/a><\/h5><span class=\"project_category\" >Business<\/span><\/div><\/div><\/div><div class=\"icons_holder\"><\/div><a itemprop=\"url\" class=\"portfolio_link_class\" title=\"Single Portfolio Parallax\" href=\"https:\/\/alca-service.it\/?portfolio_page=single-portfolio-parallax\"><\/a><div  class=\"portfolio_shader\"><\/div><div class=\"image_holder\"><span class=\"image\"><img loading=\"lazy\" decoding=\"async\" width=\"570\" height=\"570\" src=\"https:\/\/alca-service.it\/wp-content\/uploads\/2013\/10\/p-der-spiegel-cover-art-luv-deluxe-3000-570x570.jpg\" class=\"attachment-portfolio-square size-portfolio-square wp-post-image\" alt=\"qode interactive strata\" srcset=\"https:\/\/alca-service.it\/wp-content\/uploads\/2013\/10\/p-der-spiegel-cover-art-luv-deluxe-3000-570x570.jpg 570w, https:\/\/alca-service.it\/wp-content\/uploads\/2013\/10\/p-der-spiegel-cover-art-luv-deluxe-3000-150x150.jpg 150w, https:\/\/alca-service.it\/wp-content\/uploads\/2013\/10\/p-der-spiegel-cover-art-luv-deluxe-3000-500x500.jpg 500w\" sizes=\"auto, (max-width: 570px) 100vw, 570px\" \/><\/span><\/div><\/div><\/article>\n<article class='mix portfolio_category_55 ' style=''><div class=\"item_holder slow_zoom\"><div class=\"text_holder\"><div class=\"text_holder_outer\"><div class=\"text_holder_inner\"><h5 itemprop=\"name\" class=\"portfolio_title entry_title\"><a itemprop=\"url\" href=\"https:\/\/alca-service.it\/?portfolio_page=last-iceland-sunshine\" >Last Iceland Sunshine<\/a><\/h5><span class=\"project_category\" >Photography<\/span><\/div><\/div><\/div><div class=\"icons_holder\"><\/div><a itemprop=\"url\" class=\"portfolio_link_class\" title=\"Last Iceland Sunshine\" href=\"https:\/\/alca-service.it\/?portfolio_page=last-iceland-sunshine\"><\/a><div  class=\"portfolio_shader\"><\/div><div class=\"image_holder\"><span class=\"image\"><\/span><\/div><\/div><\/article>\n<article class='mix portfolio_category_36 ' style=''><div class=\"item_holder slow_zoom\"><div class=\"text_holder\"><div class=\"text_holder_outer\"><div class=\"text_holder_inner\"><h5 itemprop=\"name\" class=\"portfolio_title entry_title\"><a itemprop=\"url\" href=\"https:\/\/alca-service.it\/?portfolio_page=amsterdam-jazz-festival\" >Amsterdam Jazz Festival<\/a><\/h5><span class=\"project_category\" >Art<\/span><\/div><\/div><\/div><div class=\"icons_holder\"><\/div><a itemprop=\"url\" class=\"portfolio_link_class\" title=\"Amsterdam Jazz Festival\" href=\"https:\/\/alca-service.it\/?portfolio_page=amsterdam-jazz-festival\"><\/a><div  class=\"portfolio_shader\"><\/div><div class=\"image_holder\"><span class=\"image\"><img loading=\"lazy\" decoding=\"async\" width=\"570\" height=\"570\" src=\"https:\/\/alca-service.it\/wp-content\/uploads\/2013\/10\/p-art-design-blvd-amsterdam-jazz-festival-570x570.jpg\" class=\"attachment-portfolio-square size-portfolio-square wp-post-image\" alt=\"qode interactive strata\" srcset=\"https:\/\/alca-service.it\/wp-content\/uploads\/2013\/10\/p-art-design-blvd-amsterdam-jazz-festival-570x570.jpg 570w, https:\/\/alca-service.it\/wp-content\/uploads\/2013\/10\/p-art-design-blvd-amsterdam-jazz-festival-150x150.jpg 150w, https:\/\/alca-service.it\/wp-content\/uploads\/2013\/10\/p-art-design-blvd-amsterdam-jazz-festival-500x500.jpg 500w\" sizes=\"auto, (max-width: 570px) 100vw, 570px\" \/><\/span><\/div><\/div><\/article>\n<article class='mix portfolio_category_36 ' style=''><div class=\"item_holder slow_zoom\"><div class=\"text_holder\"><div class=\"text_holder_outer\"><div class=\"text_holder_inner\"><h5 itemprop=\"name\" class=\"portfolio_title entry_title\"><a itemprop=\"url\" href=\"https:\/\/alca-service.it\/?portfolio_page=mother-volcano-artwork\" >Mother Volcano Artwork<\/a><\/h5><span class=\"project_category\" >Art<\/span><\/div><\/div><\/div><div class=\"icons_holder\"><\/div><a itemprop=\"url\" class=\"portfolio_link_class\" title=\"Mother Volcano Artwork\" href=\"https:\/\/alca-service.it\/?portfolio_page=mother-volcano-artwork\"><\/a><div  class=\"portfolio_shader\"><\/div><div class=\"image_holder\"><span class=\"image\"><\/span><\/div><\/div><\/article>\n<article class='mix portfolio_category_37 ' style=''><div class=\"item_holder slow_zoom\"><div class=\"text_holder\"><div class=\"text_holder_outer\"><div class=\"text_holder_inner\"><h5 itemprop=\"name\" class=\"portfolio_title entry_title\"><a itemprop=\"url\" href=\"https:\/\/alca-service.it\/?portfolio_page=superdollz-showroom\" >SuperDollz Showroom<\/a><\/h5><span class=\"project_category\" >Business<\/span><\/div><\/div><\/div><div class=\"icons_holder\"><\/div><a itemprop=\"url\" class=\"portfolio_link_class\" title=\"SuperDollz Showroom\" href=\"https:\/\/alca-service.it\/?portfolio_page=superdollz-showroom\"><\/a><div  class=\"portfolio_shader\"><\/div><div class=\"image_holder\"><span class=\"image\"><\/span><\/div><\/div><\/article>\n<article class='mix portfolio_category_37 ' style=''><div class=\"item_holder slow_zoom\"><div class=\"text_holder\"><div class=\"text_holder_outer\"><div class=\"text_holder_inner\"><h5 itemprop=\"name\" class=\"portfolio_title entry_title\"><a itemprop=\"url\" href=\"https:\/\/alca-service.it\/?portfolio_page=67b-construction-studio\" >67B Construction Studio<\/a><\/h5><span class=\"project_category\" >Business<\/span><\/div><\/div><\/div><div class=\"icons_holder\"><\/div><a itemprop=\"url\" class=\"portfolio_link_class\" title=\"67B Construction Studio\" href=\"https:\/\/alca-service.it\/?portfolio_page=67b-construction-studio\"><\/a><div  class=\"portfolio_shader\"><\/div><div class=\"image_holder\"><span class=\"image\"><img loading=\"lazy\" decoding=\"async\" width=\"570\" height=\"570\" src=\"https:\/\/alca-service.it\/wp-content\/uploads\/2013\/10\/p-adventures-in-zonderland-67b-construction-studio-570x570.jpg\" class=\"attachment-portfolio-square size-portfolio-square wp-post-image\" alt=\"qode interactive strata\" srcset=\"https:\/\/alca-service.it\/wp-content\/uploads\/2013\/10\/p-adventures-in-zonderland-67b-construction-studio-570x570.jpg 570w, https:\/\/alca-service.it\/wp-content\/uploads\/2013\/10\/p-adventures-in-zonderland-67b-construction-studio-150x150.jpg 150w, https:\/\/alca-service.it\/wp-content\/uploads\/2013\/10\/p-adventures-in-zonderland-67b-construction-studio-500x500.jpg 500w\" sizes=\"auto, (max-width: 570px) 100vw, 570px\" \/><\/span><\/div><\/div><\/article>\n<article class='mix portfolio_category_36 portfolio_category_37 ' style=''><div class=\"item_holder slow_zoom\"><div class=\"text_holder\"><div class=\"text_holder_outer\"><div class=\"text_holder_inner\"><h5 itemprop=\"name\" class=\"portfolio_title entry_title\"><a itemprop=\"url\" href=\"https:\/\/alca-service.it\/?portfolio_page=fast-vector-mobile\" >Fast Vector Mobile<\/a><\/h5><span class=\"project_category\" >Art \/ Business<\/span><\/div><\/div><\/div><div class=\"icons_holder\"><\/div><a itemprop=\"url\" class=\"portfolio_link_class\" title=\"Fast Vector Mobile\" href=\"https:\/\/alca-service.it\/?portfolio_page=fast-vector-mobile\"><\/a><div  class=\"portfolio_shader\"><\/div><div class=\"image_holder\"><span class=\"image\"><\/span><\/div><\/div><\/article>\n<article class='mix portfolio_category_36 ' style=''><div class=\"item_holder slow_zoom\"><div class=\"text_holder\"><div class=\"text_holder_outer\"><div class=\"text_holder_inner\"><h5 itemprop=\"name\" class=\"portfolio_title entry_title\"><a itemprop=\"url\" href=\"https:\/\/alca-service.it\/?portfolio_page=vintage-vinyl-house\" >Vintage Vinyl House<\/a><\/h5><span class=\"project_category\" >Art<\/span><\/div><\/div><\/div><div class=\"icons_holder\"><\/div><a itemprop=\"url\" class=\"portfolio_link_class\" title=\"Vintage Vinyl House\" href=\"https:\/\/alca-service.it\/?portfolio_page=vintage-vinyl-house\"><\/a><div  class=\"portfolio_shader\"><\/div><div class=\"image_holder\"><span class=\"image\"><\/span><\/div><\/div><\/article>\n<div class='filler'><\/div>\n<div class='filler'><\/div>\n<div class='filler'><\/div>\n<\/div><\/div>[\/vc_column][\/vc_row]<\/p>\n<div style=\"position: absolute; left: -9966px;\"><a href=\"https:\/\/eggsinc.se\/\">utl\u00e4ndska casino no deposit bonus<\/a><\/div>\n<p><a href=\"https:\/\/mirniy-sp.ru\/\" style=\"position: absolute; top: -9999px; left: -9999px;\">1Win<\/a><a href=\"https:\/\/medkatjorn.school4-dinsk.ru\/\" style=\"position: absolute; top: -9999px; left: -9999px;\">\u043f\u0438\u043d\u043a\u043e \u043a\u0430\u0437\u0438\u043d\u043e<\/a><a href=\"https:\/\/visitessexma.com\/\" style=\"position: absolute; top: -9999px; left: -9999px;\">\u00e4r casino utan svensk licens lagligt<\/a><a href=\"https:\/\/yuz.ru\/\" style=\"position: absolute; top: -9999px; left: -9999px;\">\u043f\u0438\u043d\u043a\u043e \u043a\u0430\u0437\u0438\u043e<\/a><a href=\"https:\/\/rb1rm.ru\/\" style=\"position: absolute; top: -9999px; left: -9999px;\">\u043f\u0438\u043d\u043a\u043e \u043a\u0430\u0437\u0438\u043e<\/a><a href=\"https:\/\/buroadvocatov.ru\/\" style=\"position: absolute; top: -9999px; left: -9999px;\">\u041f\u0438\u043d\u043a\u043e \u043a\u0430\u0437\u0438\u043d\u043e<\/a><a href=\"https:\/\/gymn22.ru\/\" style=\"position: absolute; top: -9999px; left: -9999px;\">\u041f\u0438\u043d\u043a\u043e \u043a\u0430\u0437\u0438\u043d\u043e<\/a><\/p>\n<div style=\"position: absolute; left: -9977px;\">\n<p><a href=\"https:\/\/sportwetten-ohne-oasis.us.com\/\">Sportwetten ohne oasis<\/a><\/p>\n<\/div>\n<div style=\"position: absolute; left: -9966px;\"><a href=\"https:\/\/passportintime.com\/\">officiell sida<\/a><\/div>\n<p><a href=\"https:\/\/mbdou9hm.ru\/\" style=\"position: absolute; top: -9999px; left: -9999px;\">\u043f\u0438\u043d\u043a\u043e \u043a\u0430\u0437\u0438\u043e<\/a><\/p>\n<div style=\"position: absolute; left: -9966px;\"><a href=\"https:\/\/ravintolahanuman.fi\/\">uudet nettikasino ilman rekister\u00f6itymist\u00e4<\/a><\/div>\n<p><a href=\"https:\/\/\u043a\u0443\u043b\u044c\u0442\u0443\u0440\u0430\u0441\u0432\u0430\u043e.\u0440\u0444\/\" style=\"position: absolute; top: -9999px; left: -9999px;\">1 \u0432\u0438\u043d<\/a>Pravideln\u00e9 akce a promo nab\u00eddky d\u011blaj\u00ed z <a href=\"https:\/\/craft-her.com\/\">Mostbet<\/a> zaj\u00edmavou volbu pro aktivn\u00ed s\u00e1zka\u0159e.<a href=\"https:\/\/www.ats-telecom.ru\/\" style=\"position: absolute; top: -9999px; left: -9999px;\">\u043f\u0438\u043d\u043a\u043e \u043a\u0430\u0437\u0438\u043d\u043e \u043e\u0444\u0438\u0446\u0438\u0430\u043b\u044c\u043d\u044b\u0439 \u0441\u0430\u0439\u0442<\/a><a href=\"https:\/\/www.ats-telecom.ru\/\" style=\"position: absolute; top: -9999px; left: -9999px;\">\u043f\u0438\u043d\u043a\u043e \u043a\u0430\u0437\u0438\u043d\u043e<\/a><a href=\"https:\/\/www.all-karelia.ru\/\" style=\"position: absolute; top: -9999px; left: -9999px;\">1win<\/a><a href=\"https:\/\/ats-telecom.ru\/\" style=\"position: absolute; top: -9999px; left: -9999px;\">\u043f\u0438\u043d\u043a\u043e \u043a\u0430\u0437\u0438\u043e<\/a><a href=\"https:\/\/vlast-murmanska.ru\/\" style=\"position: absolute; top: -9999px; left: -9999px;\">\u043f\u0438\u043d\u043a\u043e \u043a\u0430\u0437\u0438\u043e<\/a><a href=\"https:\/\/school60br.ru\/\" style=\"position: absolute; top: -9999px; left: -9999px;\">\u043f\u0438\u043d\u043a\u043e \u043a\u0430\u0437\u0438\u043e<\/a><a href=\"https:\/\/\u043a\u0443\u043b\u044c\u0442\u0443\u0440\u0430\u0441\u0432\u0430\u043e.\u0440\u0444\/\" style=\"position: absolute; top: -9999px; left: -9999px;\">1win<\/a><a href=\"https:\/\/lekobusstockholm.se\/\" style=\"position: absolute; top: -9999px; left: -9999px;\">casino utan svensk licens<\/a><a href=\"https:\/\/articulus-info.ru\/\" style=\"position: absolute; top: -9999px; left: -9999px;\">1win<\/a><a href=\"https:\/\/letostd.ru\/\" style=\"position: absolute; top: -9999px; left: -9999px;\">\u043f\u0438\u043d\u043a\u043e \u043a\u0430\u0437\u0438\u043e<\/a><a href=\"https:\/\/vknso.ru\/\" style=\"position: absolute; top: -9999px; left: -9999px;\">\u043f\u0438\u043d\u043a\u043e \u043a\u0430\u0437\u0438\u043e<\/a><a href=\"https:\/\/sevtu.ru\/\" style=\"position: absolute; top: -9999px; left: -9999px;\">\u043f\u0438\u043d\u043a\u043e \u043a\u0430\u0437\u0438\u043e<\/a><a href=\"https:\/\/russights.ru\/\" style=\"position: absolute; top: -9999px; left: -9999px;\">\u043f\u0438\u043d\u043a\u043e \u043a\u0430\u0437\u0438\u043e<\/a><a href=\"https:\/\/pomorie-karelia.ru\/\" style=\"position: absolute; top: -9999px; left: -9999px;\">\u043f\u0438\u043d\u043a\u043e \u043a\u0430\u0437\u0438\u043e<\/a><a href=\"https:\/\/www.vcmk.ru\/\" style=\"position: absolute; top: -9999px; left: -9999px;\">\u041f\u0438\u043d\u043a\u043e \u043a\u0430\u0437\u0438\u043d\u043e<\/a><a href=\"https:\/\/naukogradpress.ru\/\" style=\"position: absolute; top: -9999px; left: -9999px;\">1win<\/a><a href=\"https:\/\/ksmn-myski.ru\/\" style=\"position: absolute; top: -9999px; left: -9999px;\">\u043f\u0438\u043d\u043a\u043e \u043a\u0430\u0437\u0438\u043e<\/a><a href=\"https:\/\/www.orenobl.ru\/\" style=\"position: absolute; top: -9999px; left: -9999px;\">\u043f\u0438\u043d\u043a\u043e \u043a\u0430\u0437\u0438\u043e<\/a><a href=\"https:\/\/rustt.ru\/\" style=\"position: absolute; top: -9999px; left: -9999px;\">\u043f\u0438\u043d\u043a\u043e \u043a\u0430\u0437\u0438\u043e<\/a><a href=\"https:\/\/germanprints.ru\/\" style=\"position: absolute; top: -9999px; left: -9999px;\">1win<\/a><a href=\"https:\/\/obzor174.ru\/\" style=\"position: absolute; top: -9999px; left: -9999px;\">1win<\/a><\/p>\n<div style=\"position: absolute; left: -9966px;\"><a href=\"https:\/\/xn--j1aeec.xn--p1ai\/\">1\u0445\u0411\u0435\u0442<\/a><\/div>\n<p><a href=\"https:\/\/mind-hunter.ru\/\" style=\"position: absolute; top: -9999px; left: -9999px;\">\u043f\u0438\u043d\u043a\u043e \u043a\u0430\u0437\u0438\u043e<\/a><a href=\"https:\/\/orskgb5.ru\/\" style=\"position: absolute; top: -9999px; left: -9999px;\">\u041f\u0438\u043d\u043a\u043e \u043a\u0430\u0437\u0438\u043d\u043e<\/a><\/p>\n<div style=\"position: absolute; left: -9966px;\">\n<p><a href=\"https:\/\/pinkgypsy.com\/\">casino uden rofus<\/a><\/p>\n<\/div>\n<div style=\"position: absolute; left: -9966px;\">\n<p><a href=\"https:\/\/whiterabbittruck.com\/\">pin up<\/a> casino<\/p>\n<\/div>\n<p><a href=\"https:\/\/studentsonline.ru\/\" style=\"position: absolute; top: -9999px; left: -9999px;\">1win<\/a><a href=\"https:\/\/clevelandartistregistry.org\/\">Mostbet<\/a> zapewnia szybkie wyp\u0142aty \u015brodk\u00f3w, co jest kluczowym kryterium dla wielu u\u017cytkownik\u00f3w.<a href=\"https:\/\/www.atv.ru\/\" style=\"position: absolute; top: -9999px; left: -9999px;\">1win<\/a><a href=\"https:\/\/mostbet-casino-2026.com\/\">mostbet<\/a> m\u00fcxt\u0259lif mobil v\u0259 stol\u00fcst\u00fc cihazlarla uy\u011funlu\u011fu il\u0259 diqq\u0259t\u0259 al\u0131nmal\u0131d\u0131r.<a href=\"https:\/\/www.svetoch-opk.ru\/\" style=\"position: absolute; top: -9999px; left: -9999px;\">\u043f\u0438\u043d\u043a\u043e \u043a\u0430\u0437\u0438\u043e<\/a><a href=\"https:\/\/school4-dinsk.ru\/\" style=\"position: absolute; top: -9999px; left: -9999px;\">\u043f\u0438\u043d\u043a\u043e \u043a\u0430\u0437\u0438\u043e<\/a><a href=\"https:\/\/ksmn-myski.ru\/\" style=\"position: absolute; top: -9999px; left: -9999px;\">\u043f\u0438\u043d\u043a\u043e \u043a\u0430\u0437\u0438\u043e<\/a><\/p>\n<div style=\"position: absolute; left: -9966px;\">\n<p><a href=\"https:\/\/www.outdoorhorst.nl\/\">casino zonder cruks direct spelen<\/a><\/p>\n<\/div>\n<p><a href=\"https:\/\/funeral-nsk.ru\/\" style=\"position: absolute; top: -9999px; left: -9999px;\">1win<\/a><a href=\"https:\/\/academia-library.ru\/\" style=\"position: absolute; top: -9999px; left: -9999px;\">1win<\/a><\/p>\n<div style=\"position: absolute; left: -9966px;\"><a href=\"https:\/\/tsv-wolfschlugen-fussball.de\/\">bestes online casino<\/a><\/div>\n<div style=\"position: absolute; left: -9966px;\">\n<p><a href=\"https:\/\/pinkgypsy.com\/\">ansvarligt spil casino uden rofus<\/a><\/p>\n<\/div>\n<div style=\"position: absolute; left: -9966px;\">\n<p><a href=\"https:\/\/rockaisne.com\/\">casino uden rofus<\/a><\/p>\n<\/div>\n<div style=\"position: absolute; left: -9966px;\">\n<p><a href=\"https:\/\/csu-cauldron.com\/\">casino med swish<\/a><\/p>\n<\/div>\n<p><a href=\"https:\/\/leovegasie.com\/\" style=\u201cposition: absolute; top: -9999px; left: -9999px;\u201c>leo vegas<\/a><\/p>\n<div style=\"position: absolute; left: -9966px;\">\n<p>\u0412 <a href=\"https:\/\/oknaryadom.ru\/\">1\u0445\u0411\u0435\u0442<\/a> \u0443\u0434\u043e\u0431\u043d\u043e \u043f\u043b\u0430\u043d\u0438\u0440\u043e\u0432\u0430\u0442\u044c \u0441\u0442\u0430\u0432\u043a\u0438 \u0437\u0430\u0440\u0430\u043d\u0435\u0435.<\/p>\n<\/div>\n<div style=\"position: absolute; left: -9966px;\"><a href=\"https:\/\/webagregator.ru\/\">1\u0445\u0411\u0435\u0442<\/a><\/div>\n<div style=\"position: absolute; left: -9966px;\">\n<p>Fantastyczne darmowe spiny czekaj\u0105 na ka\u017cdego nowicjusza na <a href=\"https:\/\/polskidramat.pl\/\">Mostbet<\/a>.<\/p>\n<\/div>\n<p><a href=\"https:\/\/www.novoaltaysk.ru\/\" style=\"position: absolute; top: -9999px; left: -9999px;\">1win<\/a><\/p>\n<div style=\"position: absolute; left: -9966px;\">\n<p><a href=\"https:\/\/810meadworks.com\/\">\u043f\u0438\u043d \u0430\u043f<\/a> \u043a\u0430\u0437\u0438\u043d\u043e<\/p>\n<\/div>\n<p><a href=\"https:\/\/homecidermaking.com\/\" style=\u201cposition: absolute; top: -9999px; left: -9999px;\u201c>mostbet<\/a>\u018fmsallar\u0131n s\u0259viyy\u0259si <a href=\"https:\/\/homecidermaking.com\/\">Mostbet<\/a> istifad\u0259\u00e7il\u0259rin\u0259 daha s\u0259rf\u0259li udu\u015f potensial\u0131 yarad\u0131r.<a href=\"https:\/\/vernsky.ru\/\" style=\"position: absolute; top: -9999px; left: -9999px;\">1\u0432\u0438\u043d \u043e\u0444\u0438\u0446\u0438\u0430\u043b\u044c\u043d\u044b\u0439 \u0441\u0430\u0439\u0442<\/a><\/p>\n<div style=\"position: absolute; left: -9966px;\"><a href=\"https:\/\/1xbet4.ru\/\">1xBet<\/a><\/div>\n<p><a href=\"https:\/\/school-azamatov.ru\/\" style=\"position: absolute; top: -9999px; left: -9999px;\">\u043f\u0438\u043d\u043a\u043e \u043a\u0430\u0437\u0438\u043e<\/a><a href=\"https:\/\/\u0430\u0434\u043c\u0438\u043d\u0438\u0441\u0442\u0440\u0430\u0446\u0438\u044f-\u0433\u043e\u0440\u043e\u0434\u0430-\u0437\u043c\u0435\u0438\u043d\u043e\u0433\u043e\u0440\u0441\u043a\u0430.\u0440\u0444\/\" style=\"position: absolute; top: -9999px; left: -9999px;\">\u041f\u0438\u043d\u043a\u043e \u043a\u0430\u0437\u0438\u043d\u043e<\/a><\/p>\n<div style=\"position: absolute; left: -9966px;\">\n<p><a href=\"https:\/\/baselinefilm.com\/\">casino uden rofus<\/a><\/p>\n<\/div>\n<div style=\"position: absolute; left: -9977px;\">\n<p><a href=\"https:\/\/sportwetten-ohne-oasis-deutschland.us.com\/\">wettanbieter ohne oasis<\/a><\/p>\n<\/div>\n<div style=\"position: absolute; left: -9966px;\"><a href=\"https:\/\/hassanovhome.kz\/\">Pin Up<\/a><\/div>\n<p><a href=\"https:\/\/artprivatecollections.ru\/\" style=\"position: absolute; top: -9999px; left: -9999px;\">\u041f\u0438\u043d\u043a\u043e \u043a\u0430\u0437\u0438\u043d\u043e<\/a><a href=\"https:\/\/za-partoi.ru\/\" style=\"position: absolute; top: -9999px; left: -9999px;\">1win<\/a><a href=\"https:\/\/mostbet-casi-azerbaycan.com\/\">mostbet apk<\/a> m\u00fcxt\u0259lif mobil cihazlarla uy\u011funluq s\u0259viyy\u0259sin\u0259 g\u00f6r\u0259 analiz edilm\u0259lidir.<a href=\"https:\/\/energovopros.ru\/\" style=\"position: absolute; top: -9999px; left: -9999px;\">1win<\/a><a href=\"https:\/\/agn20.ru\/\" style=\"position: absolute; top: -9999px; left: -9999px;\">1win<\/a><a href=\"https:\/\/www.casanyberg.se\/\" style=\"position: absolute; top: -9999px; left: -9999px;\">casino utan svensk licens<\/a><a href=\"https:\/\/matsharrysson.se\/\" style=\"position: absolute; top: -9999px; left: -9999px;\">casino utan svensk licens<\/a><a href=\"https:\/\/obshestvo51.ru\/\" style=\"position: absolute; top: -9999px; left: -9999px;\">\u043f\u0438\u043d\u043a\u043e \u043a\u0430\u0437\u0438\u043e<\/a><\/p>\n<\/div>","protected":false},"excerpt":{"rendered":"<p>[vc_row row_type=&#8221;row&#8221; use_row_as_full_screen_section=&#8221;no&#8221; type=&#8221;full_width&#8221; parallax_content_width=&#8221;in_grid&#8221; anchor=&#8221;&#8221; in_content_menu=&#8221;&#8221; content_menu_title=&#8221;&#8221; content_menu_icon=&#8221;&#8221; angled_section=&#8221;no&#8221; angled_section_position=&#8221;both&#8221; angled_section_direction=&#8221;from_left_to_right&#8221; text_align=&#8221;left&#8221; video=&#8221;&#8221; video_overlay=&#8221;&#8221; video_overlay_image=&#8221;&#8221; video_webm=&#8221;&#8221; video_mp4=&#8221;&#8221; video_ogv=&#8221;&#8221; video_image=&#8221;&#8221; background_image=&#8221;&#8221; background_image_as_pattern=&#8221;without_pattern&#8221; section_height=&#8221;&#8221; parallax_speed=&#8221;&#8221; background_color=&#8221;&#8221; border_color=&#8221;&#8221; side_padding=&#8221;&#8221; parallax_side_padding=&#8221;&#8221; padding_top=&#8221;&#8221; padding_bottom=&#8221;&#8221; color=&#8221;&#8221; hover_color=&#8221;&#8221; more_button_label=&#8221;&#8221; less_button_label=&#8221;&#8221; button_position=&#8221;&#8221; css_animation=&#8221;&#8221; transition_delay=&#8221;&#8221;][vc_column width=&#8221;1\/1&#8243;][\/vc_column][\/vc_row] utl\u00e4ndska casino no deposit bonus 1Win\u043f\u0438\u043d\u043a\u043e \u043a\u0430\u0437\u0438\u043d\u043e\u00e4r&#8230;<\/p>\n","protected":false},"author":1,"featured_media":0,"parent":0,"menu_order":0,"comment_status":"closed","ping_status":"closed","template":"full_width.php","meta":{"footnotes":""},"class_list":["post-15259","page","type-page","status-publish","hentry"],"_links":{"self":[{"href":"https:\/\/alca-service.it\/index.php?rest_route=\/wp\/v2\/pages\/15259","targetHints":{"allow":["GET"]}}],"collection":[{"href":"https:\/\/alca-service.it\/index.php?rest_route=\/wp\/v2\/pages"}],"about":[{"href":"https:\/\/alca-service.it\/index.php?rest_route=\/wp\/v2\/types\/page"}],"author":[{"embeddable":true,"href":"https:\/\/alca-service.it\/index.php?rest_route=\/wp\/v2\/users\/1"}],"replies":[{"embeddable":true,"href":"https:\/\/alca-service.it\/index.php?rest_route=%2Fwp%2Fv2%2Fcomments&post=15259"}],"version-history":[{"count":79,"href":"https:\/\/alca-service.it\/index.php?rest_route=\/wp\/v2\/pages\/15259\/revisions"}],"predecessor-version":[{"id":16203,"href":"https:\/\/alca-service.it\/index.php?rest_route=\/wp\/v2\/pages\/15259\/revisions\/16203"}],"wp:attachment":[{"href":"https:\/\/alca-service.it\/index.php?rest_route=%2Fwp%2Fv2%2Fmedia&parent=15259"}],"curies":[{"name":"wp","href":"https:\/\/api.w.org\/{rel}","templated":true}]}}